{"id":59,"date":"2017-03-28T13:42:43","date_gmt":"2017-03-28T13:42:43","guid":{"rendered":"https:\/\/www.papaya.events\/?page_id=59"},"modified":"2025-03-01T19:26:52","modified_gmt":"2025-03-01T18:26:52","slug":"kontakt","status":"publish","type":"page","link":"https:\/\/www.papaya.events\/hr\/contact\/","title":{"rendered":"Kontakt"},"content":{"rendered":"<div class=\"wpb-content-wrapper\"><div data-vc-full-width=\"true\" data-vc-full-width-temp=\"true\" data-vc-full-width-init=\"false\" class=\"vc_row wpb_row vc_row-fluid vc_custom_1740276977211 vc_row-has-fill\"><div class=\"wpb_column vc_column_container vc_col-sm-12 sc_layouts_column_icons_position_left\"><div class=\"vc_column-inner\"><div class=\"wpb_wrapper\"><div class=\"vc_empty_space  height_huge\"   style=\"height: 32px\"><span class=\"vc_empty_space_inner\"><\/span><\/div><div id=\"sc_title_1401040088\"\r\n\t\tclass=\"sc_title color_style_default sc_title_default\"><h6 class=\"sc_item_subtitle sc_title_subtitle sc_align_center sc_item_title_style_default\">Send a Message<\/h6><h1 class=\"sc_item_title sc_title_title sc_align_center sc_item_title_style_default sc_item_title_tag\">Get In Touch<\/h1><\/div><!-- \/.sc_title --><div class=\"vc_empty_space  height_large\"   style=\"height: 32px\"><span class=\"vc_empty_space_inner\"><\/span><\/div><div class=\"vc_row wpb_row vc_inner vc_row-fluid vc_row-o-equal-height vc_row-o-content-middle vc_row-flex\"><div class=\"contact_us wpb_column vc_column_container vc_col-sm-6 sc_layouts_column_icons_position_left\"><div class=\"vc_column-inner\"><div class=\"wpb_wrapper\"><div id=\"sc_content_335299992\"\r\n\t\tclass=\"sc_content color_style_default sc_content_default sc_float_center sc_form_shadow\"><div class=\"sc_content_container\">\n<div class=\"wpcf7 no-js\" id=\"wpcf7-f6-o1\" lang=\"en-US\" dir=\"ltr\" data-wpcf7-id=\"6\">\n<div class=\"screen-reader-response\"><p role=\"status\" aria-live=\"polite\" aria-atomic=\"true\"><\/p> <ul><\/ul><\/div>\n<form action=\"\/hr\/wp-json\/wp\/v2\/pages\/59#wpcf7-f6-o1\" method=\"post\" class=\"wpcf7-form init\" aria-label=\"Contact form\" novalidate=\"novalidate\" data-status=\"init\">\n<fieldset class=\"hidden-fields-container\"><input type=\"hidden\" name=\"_wpcf7\" value=\"6\" \/><input type=\"hidden\" name=\"_wpcf7_version\" value=\"6.1.5\" \/><input type=\"hidden\" name=\"_wpcf7_locale\" value=\"en_US\" \/><input type=\"hidden\" name=\"_wpcf7_unit_tag\" value=\"wpcf7-f6-o1\" \/><input type=\"hidden\" name=\"_wpcf7_container_post\" value=\"0\" \/><input type=\"hidden\" name=\"_wpcf7_posted_data_hash\" value=\"\" \/>\n<\/fieldset>\n<label> Your name\n    <span class=\"wpcf7-form-control-wrap\" data-name=\"your-name\"><input size=\"40\" maxlength=\"400\" class=\"wpcf7-form-control wpcf7-text wpcf7-validates-as-required\" autocomplete=\"name\" aria-required=\"true\" aria-invalid=\"false\" value=\"\" type=\"text\" name=\"your-name\" \/><\/span> <\/label>\n\n<label> Your email\n    <span class=\"wpcf7-form-control-wrap\" data-name=\"your-email\"><input size=\"40\" maxlength=\"400\" class=\"wpcf7-form-control wpcf7-email wpcf7-validates-as-required wpcf7-text wpcf7-validates-as-email\" autocomplete=\"email\" aria-required=\"true\" aria-invalid=\"false\" value=\"\" type=\"email\" name=\"your-email\" \/><\/span> <\/label>\n\n<label> Telephone\n    <span class=\"wpcf7-form-control-wrap\" data-name=\"tel-236\"><input size=\"40\" maxlength=\"400\" class=\"wpcf7-form-control wpcf7-tel wpcf7-validates-as-required wpcf7-text wpcf7-validates-as-tel\" autocomplete=\"tel\" aria-required=\"true\" aria-invalid=\"false\" value=\"\" type=\"tel\" name=\"tel-236\" \/><\/span> <\/label>\n\n<label> Event (event location, date)\n    <span class=\"wpcf7-form-control-wrap\" data-name=\"your-subject\"><input size=\"40\" maxlength=\"400\" class=\"wpcf7-form-control wpcf7-text wpcf7-validates-as-required\" aria-required=\"true\" aria-invalid=\"false\" value=\"\" type=\"text\" name=\"your-subject\" \/><\/span> <\/label>\n\n<label> Your message (optional)\n    <span class=\"wpcf7-form-control-wrap\" data-name=\"your-message\"><textarea cols=\"40\" rows=\"10\" maxlength=\"2000\" class=\"wpcf7-form-control wpcf7-textarea\" aria-invalid=\"false\" name=\"your-message\"><\/textarea><\/span> <\/label>\n\n<label> Privacy Policy\n<span class=\"wpcf7-form-control-wrap\" data-name=\"acceptance-31\"><span class=\"wpcf7-form-control wpcf7-acceptance\"><span class=\"wpcf7-list-item\"><label><input type=\"checkbox\" name=\"acceptance-31\" value=\"1\" aria-invalid=\"false\" \/><span class=\"wpcf7-list-item-label\">I agree that my submitted data is being collected and stored. For further details on handling user data, see our\u00a0<a href=\"https:\/\/www.papaya.events\/privacy-policy\/\" target=\"_blank\" rel=\"noopener\">Privacy Policy<\/a><\/span><\/label><\/span><\/span><\/span> <\/label>\n\n<input class=\"wpcf7-form-control wpcf7-submit has-spinner\" type=\"submit\" value=\"Submit\" \/><p style=\"display: none !important;\" class=\"akismet-fields-container\" data-prefix=\"_wpcf7_ak_\"><label>&#916;<textarea name=\"_wpcf7_ak_hp_textarea\" cols=\"45\" rows=\"8\" maxlength=\"100\"><\/textarea><\/label><input type=\"hidden\" id=\"ak_js_1\" name=\"_wpcf7_ak_js\" value=\"107\"\/><script type=\"text\/javascript\">\n\/* <![CDATA[ *\/\ndocument.getElementById( \"ak_js_1\" ).setAttribute( \"value\", ( new Date() ).getTime() );\n\/* ]]> *\/\n<\/script>\n<\/p><div class=\"wpcf7-response-output\" aria-hidden=\"true\"><\/div>\n<\/form>\n<\/div>\n<\/div><\/div><!-- \/.sc_content --><\/div><\/div><\/div><div class=\"wpb_column vc_column_container vc_col-sm-4 vc_col-md-offset-1 sc_layouts_column_icons_position_left\"><div class=\"vc_column-inner\"><div class=\"wpb_wrapper\">\n\t<div class=\"wpb_text_column wpb_content_element\" >\n\t\t<div class=\"wpb_wrapper\">\n\t\t\t<h5 class=\"trx_addons_no_margin\">General enquiries<\/h5>\n\n\t\t<\/div>\n\t<\/div>\n<div class=\"vc_empty_space  height_tiny\"   style=\"height: 32px\"><span class=\"vc_empty_space_inner\"><\/span><\/div>\n\t<div class=\"wpb_text_column wpb_content_element\" >\n\t\t<div class=\"wpb_wrapper\">\n\t\t\t<p>VISTA Ltd.<br \/>\nV. Nazora 5<br \/>\n52470 Umag | HR<br \/>\n<a href=\"tel:00385915127282\">+385915127282<\/a><br \/>\n<a href=\"mailto:info@papaya.events\">info@papaya.events<\/a><\/p>\n\n\t\t<\/div>\n\t<\/div>\n<div class=\"vc_empty_space  height_medium\"   style=\"height: 32px\"><span class=\"vc_empty_space_inner\"><\/span><\/div>\n\t<div class=\"wpb_text_column wpb_content_element\" >\n\t\t<div class=\"wpb_wrapper\">\n\t\t\t<h5 class=\"trx_addons_no_margin\">Bookings\/Shows<\/h5>\n\n\t\t<\/div>\n\t<\/div>\n<div class=\"vc_empty_space  height_tiny\"   style=\"height: 32px\"><span class=\"vc_empty_space_inner\"><\/span><\/div>\n\t<div class=\"wpb_text_column wpb_content_element\" >\n\t\t<div class=\"wpb_wrapper\">\n\t\t\t<p><a href=\"mailto:info@papaya.events\">info@papaya.events<\/a><br \/>\n<a href=\"https:\/\/www.papaya.events\/\">www.papaya.events<\/a><\/p>\n\n\t\t<\/div>\n\t<\/div>\n<\/div><\/div><\/div><\/div><div class=\"vc_empty_space  height_huge\"   style=\"height: 32px\"><span class=\"vc_empty_space_inner\"><\/span><\/div><\/div><\/div><\/div><\/div><div class=\"vc_row-full-width vc_clearfix\"><\/div><div data-vc-full-width=\"true\" data-vc-full-width-temp=\"true\" data-vc-full-width-init=\"false\" data-vc-stretch-content=\"true\" class=\"vc_row wpb_row vc_row-fluid vc_row-no-padding\"><div class=\"wpb_column vc_column_container vc_col-sm-12 sc_layouts_column_icons_position_left\"><div class=\"vc_column-inner\"><div class=\"wpb_wrapper\"><div id=\"sc_googlemap_961215688_wrap\" class=\"sc_googlemap_wrap\"><div id=\"sc_googlemap_961215688\"\r\n\t\t\tclass=\"sc_googlemap sc_googlemap_detailed\"\r\n\t\t\t style=\"width:100%;height:420px;\"\t\t\tdata-zoom=\"10\"\r\n\t\t\tdata-style=\"dark\"\r\n\t\t\tdata-cluster-icon=\"\"\r\n\t\t\t><div id=\"sc_googlemap_961215688_1\" class=\"sc_googlemap_marker\"\r\n\t\t\t\t\t\tdata-latlng=\"\"\r\n\t\t\t\t\t\tdata-address=\"Vladimir Nazor 5, 52470 Umag\"\r\n\t\t\t\t\t\tdata-description=\"\"\r\n\t\t\t\t\t\tdata-title=\"\"\r\n\t\t\t\t\t\tdata-icon=\"\"\r\n\t\t\t\t\t\t><\/div><\/div><\/div><!-- \/.sc_googlemap_wrap --><\/div><\/div><\/div><\/div><div class=\"vc_row-full-width vc_clearfix\"><\/div>\n<\/div>","protected":false},"excerpt":{"rendered":"Po\u0161alji porukuKontaktiraj nas Va\u0161e ime Va\u0161a e-po\u0161ta Telefon Doga\u0111aj (mjesto doga\u0111aja, datum) Va\u0161a poruka (nije obavezno) Pravila privatnosti Sla\u017eem se da se moji poslani podaci prikupljaju i pohranjuju. Za vi\u0161e informacija o rukovanju korisni\u010dkim podacima pogledajte na\u0161a Pravila privatnosti \u0394 Op\u0107i upiti VISTA Ltd. V. Nazora 5 52470 Umag | HR +385915127282 info@papaya.events Rezervacije\/Predstave info@papaya.events www.papaya.events","protected":false},"author":1,"featured_media":0,"parent":0,"menu_order":0,"comment_status":"closed","ping_status":"closed","template":"","meta":{"_price":"","_stock":"","_tribe_ticket_header":"","_tribe_default_ticket_provider":"","_tribe_ticket_capacity":"0","_ticket_start_date":"","_ticket_end_date":"","_tribe_ticket_show_description":"","_tribe_ticket_show_not_going":false,"_tribe_ticket_use_global_stock":"","_tribe_ticket_global_stock_level":"","_global_stock_mode":"","_global_stock_cap":"","_tribe_rsvp_for_event":"","_tribe_ticket_going_count":"","_tribe_ticket_not_going_count":"","_tribe_tickets_list":"[]","_tribe_ticket_has_attendee_info_fields":false,"footnotes":"","_tec_slr_enabled":"","_tec_slr_layout":""},"class_list":["post-59","page","type-page","status-publish","hentry"],"a3_pvc":{"activated":false,"total_views":0,"today_views":0},"yoast_head":"<!-- This site is optimized with the Yoast SEO Premium plugin v24.6 (Yoast SEO v27.6) - https:\/\/yoast.com\/product\/yoast-seo-premium-wordpress\/ -->\n<title>Contact | papaya.events<\/title>\n<meta name=\"robots\" content=\"index, follow, max-snippet:-1, max-image-preview:large, max-video-preview:-1\" \/>\n<link rel=\"canonical\" href=\"https:\/\/www.papaya.events\/hr\/kontakt\/\" \/>\n<meta property=\"og:locale\" content=\"hr_HR\" \/>\n<meta property=\"og:type\" content=\"article\" \/>\n<meta property=\"og:title\" content=\"Contact\" \/>\n<meta property=\"og:url\" content=\"https:\/\/www.papaya.events\/hr\/kontakt\/\" \/>\n<meta property=\"og:site_name\" content=\"papaya.events\" \/>\n<meta property=\"article:publisher\" content=\"https:\/\/www.facebook.com\/papaya.events.ls\" \/>\n<meta property=\"article:modified_time\" content=\"2025-03-01T18:26:52+00:00\" \/>\n<meta property=\"og:image\" content=\"https:\/\/cdn.papaya.events\/wp-content\/uploads\/2025\/02\/176-1-scaled.jpg?strip=all&quality=70&webp=65&sharp=1\" \/>\n\t<meta property=\"og:image:width\" content=\"2560\" \/>\n\t<meta property=\"og:image:height\" content=\"1695\" \/>\n\t<meta property=\"og:image:type\" content=\"image\/jpeg\" \/>\n<meta name=\"twitter:card\" content=\"summary_large_image\" \/>\n<meta name=\"twitter:label1\" content=\"Procijenjeno vrijeme \u010ditanja\" \/>\n\t<meta name=\"twitter:data1\" content=\"1 minuta\" \/>\n<script type=\"application\/ld+json\" class=\"yoast-schema-graph\">{\"@context\":\"https:\\\/\\\/schema.org\",\"@graph\":[{\"@type\":\"WebPage\",\"@id\":\"https:\\\/\\\/www.papaya.events\\\/contact\\\/\",\"url\":\"https:\\\/\\\/www.papaya.events\\\/contact\\\/\",\"name\":\"Contact | papaya.events\",\"isPartOf\":{\"@id\":\"https:\\\/\\\/www.papaya.events\\\/#website\"},\"datePublished\":\"2017-03-28T13:42:43+00:00\",\"dateModified\":\"2025-03-01T18:26:52+00:00\",\"breadcrumb\":{\"@id\":\"https:\\\/\\\/www.papaya.events\\\/contact\\\/#breadcrumb\"},\"inLanguage\":\"hr\",\"potentialAction\":[{\"@type\":\"ReadAction\",\"target\":[\"https:\\\/\\\/www.papaya.events\\\/contact\\\/\"]}]},{\"@type\":\"BreadcrumbList\",\"@id\":\"https:\\\/\\\/www.papaya.events\\\/contact\\\/#breadcrumb\",\"itemListElement\":[{\"@type\":\"ListItem\",\"position\":1,\"name\":\"Home\",\"item\":\"https:\\\/\\\/www.papaya.events\\\/\"},{\"@type\":\"ListItem\",\"position\":2,\"name\":\"Contact\"}]},{\"@type\":\"WebSite\",\"@id\":\"https:\\\/\\\/www.papaya.events\\\/#website\",\"url\":\"https:\\\/\\\/www.papaya.events\\\/\",\"name\":\"papaya.events\",\"description\":\"Book the ultimate party event\",\"publisher\":{\"@id\":\"https:\\\/\\\/www.papaya.events\\\/#organization\"},\"alternateName\":\"Unrivaled sounds, unforgettable light and FX for your events!\",\"potentialAction\":[{\"@type\":\"SearchAction\",\"target\":{\"@type\":\"EntryPoint\",\"urlTemplate\":\"https:\\\/\\\/www.papaya.events\\\/?s={search_term_string}\"},\"query-input\":{\"@type\":\"PropertyValueSpecification\",\"valueRequired\":true,\"valueName\":\"search_term_string\"}}],\"inLanguage\":\"hr\"},{\"@type\":[\"Organization\",\"Place\",\"LocalBusiness\"],\"@id\":\"https:\\\/\\\/www.papaya.events\\\/#organization\",\"name\":\"papaya.events\",\"alternateName\":\"Unrivaled sounds, unforgettable light and FX for your events!\",\"url\":\"https:\\\/\\\/www.papaya.events\\\/\",\"logo\":{\"@id\":\"https:\\\/\\\/www.papaya.events\\\/contact\\\/#local-main-organization-logo\"},\"image\":{\"@id\":\"https:\\\/\\\/www.papaya.events\\\/contact\\\/#local-main-organization-logo\"},\"sameAs\":[\"https:\\\/\\\/www.facebook.com\\\/papaya.events.ls\",\"https:\\\/\\\/soundcloud.com\\\/papaya_events\",\"https:\\\/\\\/www.beatport.com\\\/artist\\\/drama\\\/170702\",\"https:\\\/\\\/www.youtube.com\\\/@papaya.events\",\"https:\\\/\\\/open.spotify.com\\\/user\\\/31m3wahhbsmph36a35fmzv45y344\",\"https:\\\/\\\/www.instagram.com\\\/papaya.events.ls\"],\"description\":\"Papaya Events is an event organization based in Umag, Croatia, run by three artists, specializing in open-air and club events that bring together music lovers through electronic sounds and an engaging atmosphere. The organization provides a complete experience, including its own production, sound, lighting, scene effects, and all essential elements for creating unforgettable moments. Their events range from intimate, small private parties to larger open-air gatherings, offering a diverse range of electronic music to suit every taste and setting. The focus is on crafting unforgettable experiences that leave lasting memories for all music enthusiasts and partygoers.\",\"legalName\":\"V.I.S.T.A. Ltd.\",\"foundingDate\":\"2006-04-07\",\"numberOfEmployees\":{\"@type\":\"QuantitativeValue\",\"minValue\":\"1\",\"maxValue\":\"10\"},\"publishingPrinciples\":\"https:\\\/\\\/www.papaya.events\\\/our-services\\\/\",\"ownershipFundingInfo\":\"https:\\\/\\\/www.papaya.events\\\/our-services\\\/\",\"address\":{\"@id\":\"https:\\\/\\\/www.papaya.events\\\/contact\\\/#local-main-place-address\"},\"geo\":{\"@type\":\"GeoCoordinates\",\"latitude\":\"45.430166630509255\",\"longitude\":\"13.529640133684602\"},\"telephone\":[\"+385915127282\"],\"contactPoint\":{\"@type\":\"ContactPoint\",\"telephone\":\"+385915127282\",\"email\":\"info@papaya.events\"},\"openingHoursSpecification\":{\"@type\":\"OpeningHoursSpecification\",\"dayOfWeek\":[\"Monday\",\"Tuesday\",\"Wednesday\",\"Thursday\",\"Friday\",\"Saturday\",\"Sunday\"],\"opens\":\"00:00\",\"closes\":\"23:59\"},\"email\":\"info@papaya.events\",\"vatID\":\"HR93447560687\",\"priceRange\":\"$$$\"},{\"@type\":\"PostalAddress\",\"@id\":\"https:\\\/\\\/www.papaya.events\\\/contact\\\/#local-main-place-address\",\"streetAddress\":\"Vladimir Nazor 5\",\"addressLocality\":\"Umag\",\"postalCode\":\"52470\",\"addressRegion\":\"Croatia\",\"addressCountry\":\"HR\"},{\"@type\":\"ImageObject\",\"inLanguage\":\"hr\",\"@id\":\"https:\\\/\\\/www.papaya.events\\\/contact\\\/#local-main-organization-logo\",\"url\":\"https:\\\/\\\/cdn.papaya.events\\\/wp-content\\\/uploads\\\/2025\\\/02\\\/favicon-copy.png?strip=all&quality=70&webp=65&sharp=1\",\"contentUrl\":\"https:\\\/\\\/cdn.papaya.events\\\/wp-content\\\/uploads\\\/2025\\\/02\\\/favicon-copy.png?strip=all&quality=70&webp=65&sharp=1\",\"width\":1024,\"height\":1024,\"caption\":\"papaya.events\"}]}<\/script>\n<meta name=\"geo.placename\" content=\"Umag\" \/>\n<meta name=\"geo.position\" content=\"45.430166630509255;13.529640133684602\" \/>\n<meta name=\"geo.region\" content=\"Croatia\" \/>\n<!-- \/ Yoast SEO Premium plugin. -->","yoast_head_json":{"title":"Kontakt | papaya.events","robots":{"index":"index","follow":"follow","max-snippet":"max-snippet:-1","max-image-preview":"max-image-preview:large","max-video-preview":"max-video-preview:-1"},"canonical":"https:\/\/www.papaya.events\/hr\/kontakt\/","og_locale":"hr_HR","og_type":"article","og_title":"Contact","og_url":"https:\/\/www.papaya.events\/hr\/kontakt\/","og_site_name":"papaya.events","article_publisher":"https:\/\/www.facebook.com\/papaya.events.ls","article_modified_time":"2025-03-01T18:26:52+00:00","og_image":[{"width":2560,"height":1695,"url":"https:\/\/cdn.papaya.events\/wp-content\/uploads\/2025\/02\/176-1-scaled.jpg?strip=all&quality=70&webp=65&sharp=1","type":"image\/jpeg"}],"twitter_card":"summary_large_image","twitter_misc":{"Procijenjeno vrijeme \u010ditanja":"1 minuta"},"schema":{"@context":"https:\/\/schema.org","@graph":[{"@type":"WebPage","@id":"https:\/\/www.papaya.events\/contact\/","url":"https:\/\/www.papaya.events\/contact\/","name":"Kontakt | papaya.events","isPartOf":{"@id":"https:\/\/www.papaya.events\/#website"},"datePublished":"2017-03-28T13:42:43+00:00","dateModified":"2025-03-01T18:26:52+00:00","breadcrumb":{"@id":"https:\/\/www.papaya.events\/contact\/#breadcrumb"},"inLanguage":"hr","potentialAction":[{"@type":"ReadAction","target":["https:\/\/www.papaya.events\/contact\/"]}]},{"@type":"BreadcrumbList","@id":"https:\/\/www.papaya.events\/contact\/#breadcrumb","itemListElement":[{"@type":"ListItem","position":1,"name":"Home","item":"https:\/\/www.papaya.events\/"},{"@type":"ListItem","position":2,"name":"Contact"}]},{"@type":"WebSite","@id":"https:\/\/www.papaya.events\/#website","url":"https:\/\/www.papaya.events\/","name":"papaya.events","description":"Rezervirajte vrhunski party doga\u0111aj","publisher":{"@id":"https:\/\/www.papaya.events\/#organization"},"alternateName":"Unrivaled sounds, unforgettable light and FX for your events!","potentialAction":[{"@type":"SearchAction","target":{"@type":"EntryPoint","urlTemplate":"https:\/\/www.papaya.events\/?s={search_term_string}"},"query-input":{"@type":"PropertyValueSpecification","valueRequired":true,"valueName":"search_term_string"}}],"inLanguage":"hr"},{"@type":["Organization","Place","LocalBusiness"],"@id":"https:\/\/www.papaya.events\/#organization","name":"papaya.events","alternateName":"Unrivaled sounds, unforgettable light and FX for your events!","url":"https:\/\/www.papaya.events\/","logo":{"@id":"https:\/\/www.papaya.events\/contact\/#local-main-organization-logo"},"image":{"@id":"https:\/\/www.papaya.events\/contact\/#local-main-organization-logo"},"sameAs":["https:\/\/www.facebook.com\/papaya.events.ls","https:\/\/soundcloud.com\/papaya_events","https:\/\/www.beatport.com\/artist\/drama\/170702","https:\/\/www.youtube.com\/@papaya.events","https:\/\/open.spotify.com\/user\/31m3wahhbsmph36a35fmzv45y344","https:\/\/www.instagram.com\/papaya.events.ls"],"description":"Papaya Events je organizacija za doga\u0111aje sa sjedi\u0161tem u Umagu u Hrvatskoj, koju vode tri umjetnika, specijalizirana za doga\u0111aje na otvorenom i u klubovima koji okupljaju ljubitelje glazbe kroz elektroni\u010dke zvukove i zanimljivu atmosferu. Organizacija pru\u017ea cjelovito iskustvo, uklju\u010duju\u0107i vlastitu produkciju, zvuk, rasvjetu, scenske efekte i sve bitne elemente za stvaranje nezaboravnih trenutaka. Njihovi doga\u0111aji kre\u0107u se od intimnih, malih privatnih zabava do ve\u0107ih okupljanja na otvorenom, nude\u0107i raznolik raspon elektroni\u010dke glazbe za sva\u010diji ukus i okru\u017eenje. Fokus je na stvaranju nezaboravnih iskustava koja ostavljaju trajne uspomene za sve ljubitelje glazbe i ljubitelje zabave.","legalName":"V.I.S.T.A. Ltd.","foundingDate":"2006-04-07","numberOfEmployees":{"@type":"QuantitativeValue","minValue":"1","maxValue":"10"},"publishingPrinciples":"https:\/\/www.papaya.events\/our-services\/","ownershipFundingInfo":"https:\/\/www.papaya.events\/our-services\/","address":{"@id":"https:\/\/www.papaya.events\/contact\/#local-main-place-address"},"geo":{"@type":"GeoCoordinates","latitude":"45.430166630509255","longitude":"13.529640133684602"},"telephone":["+385915127282"],"contactPoint":{"@type":"ContactPoint","telephone":"+385915127282","email":"info@papaya.events"},"openingHoursSpecification":{"@type":"OpeningHoursSpecification","dayOfWeek":["Monday","Tuesday","Wednesday","Thursday","Friday","Saturday","Sunday"],"opens":"00:00","closes":"23:59"},"email":"info@papaya.events","vatID":"HR93447560687","priceRange":"$$$"},{"@type":"PostalAddress","@id":"https:\/\/www.papaya.events\/contact\/#local-main-place-address","streetAddress":"Vladimir Nazor 5","addressLocality":"Umag","postalCode":"52470","addressRegion":"Croatia","addressCountry":"HR"},{"@type":"ImageObject","inLanguage":"hr","@id":"https:\/\/www.papaya.events\/contact\/#local-main-organization-logo","url":"https:\/\/cdn.papaya.events\/wp-content\/uploads\/2025\/02\/favicon-copy.png?strip=all&quality=70&webp=65&sharp=1","contentUrl":"https:\/\/cdn.papaya.events\/wp-content\/uploads\/2025\/02\/favicon-copy.png?strip=all&quality=70&webp=65&sharp=1","width":1024,"height":1024,"caption":"papaya.events"}]},"geo.placename":"Umag","geo.position":{"lat":"45.430166630509255","long":"13.529640133684602"},"geo.region":"Croatia"},"ticketed":false,"_links":{"self":[{"href":"https:\/\/www.papaya.events\/hr\/wp-json\/wp\/v2\/pages\/59","targetHints":{"allow":["GET"]}}],"collection":[{"href":"https:\/\/www.papaya.events\/hr\/wp-json\/wp\/v2\/pages"}],"about":[{"href":"https:\/\/www.papaya.events\/hr\/wp-json\/wp\/v2\/types\/page"}],"author":[{"embeddable":true,"href":"https:\/\/www.papaya.events\/hr\/wp-json\/wp\/v2\/users\/1"}],"replies":[{"embeddable":true,"href":"https:\/\/www.papaya.events\/hr\/wp-json\/wp\/v2\/comments?post=59"}],"version-history":[{"count":22,"href":"https:\/\/www.papaya.events\/hr\/wp-json\/wp\/v2\/pages\/59\/revisions"}],"predecessor-version":[{"id":1688,"href":"https:\/\/www.papaya.events\/hr\/wp-json\/wp\/v2\/pages\/59\/revisions\/1688"}],"wp:attachment":[{"href":"https:\/\/www.papaya.events\/hr\/wp-json\/wp\/v2\/media?parent=59"}],"curies":[{"name":"radni list","href":"https:\/\/api.w.org\/{rel}","templated":true}]}}