{"id":2467,"date":"2025-05-12T23:15:51","date_gmt":"2025-05-12T22:15:51","guid":{"rendered":"https:\/\/www.papaya.events\/tickets-order\/"},"modified":"2025-05-12T23:15:51","modified_gmt":"2025-05-12T22:15:51","slug":"narudzba-ulaznica","status":"publish","type":"page","link":"https:\/\/www.papaya.events\/hr\/tickets-order\/","title":{"rendered":"Narud\u017eba dovr\u0161ena"},"content":{"rendered":"","protected":false},"excerpt":{"rendered":"","protected":false},"author":1,"featured_media":0,"parent":0,"menu_order":0,"comment_status":"closed","ping_status":"closed","template":"","meta":{"_price":"","_stock":"","_tribe_ticket_header":"","_tribe_default_ticket_provider":"","_tribe_ticket_capacity":"0","_ticket_start_date":"","_ticket_end_date":"","_tribe_ticket_show_description":"","_tribe_ticket_show_not_going":false,"_tribe_ticket_use_global_stock":"","_tribe_ticket_global_stock_level":"","_global_stock_mode":"","_global_stock_cap":"","_tribe_rsvp_for_event":"","_tribe_ticket_going_count":"","_tribe_ticket_not_going_count":"","_tribe_tickets_list":"[]","_tribe_ticket_has_attendee_info_fields":false,"footnotes":"","_tec_slr_enabled":"","_tec_slr_layout":""},"class_list":["post-2467","page","type-page","status-publish","hentry"],"yoast_head":"<!-- This site is optimized with the Yoast SEO Premium plugin v24.6 (Yoast SEO v27.2) - https:\/\/yoast.com\/product\/yoast-seo-premium-wordpress\/ -->\n<title>Order Completed | papaya.events<\/title>\n<meta name=\"robots\" content=\"index, follow, max-snippet:-1, max-image-preview:large, max-video-preview:-1\" \/>\n<link rel=\"canonical\" href=\"https:\/\/www.papaya.events\/hr\/narudzba-ulaznica\/\" \/>\n<meta property=\"og:locale\" content=\"hr_HR\" \/>\n<meta property=\"og:type\" content=\"article\" \/>\n<meta property=\"og:title\" content=\"Order Completed\" \/>\n<meta property=\"og:url\" content=\"https:\/\/www.papaya.events\/hr\/narudzba-ulaznica\/\" \/>\n<meta property=\"og:site_name\" content=\"papaya.events\" \/>\n<meta property=\"article:publisher\" content=\"https:\/\/www.facebook.com\/papaya.events.ls\" \/>\n<meta property=\"og:image\" content=\"https:\/\/cdn.papaya.events\/wp-content\/uploads\/2025\/02\/176-1-scaled.jpg?strip=all&quality=70&webp=65&sharp=1\" \/>\n\t<meta property=\"og:image:width\" content=\"2560\" \/>\n\t<meta property=\"og:image:height\" content=\"1695\" \/>\n\t<meta property=\"og:image:type\" content=\"image\/jpeg\" \/>\n<meta name=\"twitter:card\" content=\"summary_large_image\" \/>\n<script type=\"application\/ld+json\" class=\"yoast-schema-graph\">{\"@context\":\"https:\/\/schema.org\",\"@graph\":[{\"@type\":\"WebPage\",\"@id\":\"https:\/\/www.papaya.events\/tickets-order\/\",\"url\":\"https:\/\/www.papaya.events\/tickets-order\/\",\"name\":\"Order Completed | papaya.events\",\"isPartOf\":{\"@id\":\"https:\/\/www.papaya.events\/#website\"},\"datePublished\":\"2025-05-12T22:15:51+00:00\",\"breadcrumb\":{\"@id\":\"https:\/\/www.papaya.events\/tickets-order\/#breadcrumb\"},\"inLanguage\":\"hr\",\"potentialAction\":[{\"@type\":\"ReadAction\",\"target\":[\"https:\/\/www.papaya.events\/tickets-order\/\"]}]},{\"@type\":\"BreadcrumbList\",\"@id\":\"https:\/\/www.papaya.events\/tickets-order\/#breadcrumb\",\"itemListElement\":[{\"@type\":\"ListItem\",\"position\":1,\"name\":\"Home\",\"item\":\"https:\/\/www.papaya.events\/\"},{\"@type\":\"ListItem\",\"position\":2,\"name\":\"Order Completed\"}]},{\"@type\":\"WebSite\",\"@id\":\"https:\/\/www.papaya.events\/#website\",\"url\":\"https:\/\/www.papaya.events\/\",\"name\":\"papaya.events\",\"description\":\"Book the ultimate party event\",\"publisher\":{\"@id\":\"https:\/\/www.papaya.events\/#organization\"},\"alternateName\":\"Unrivaled sounds, unforgettable light and FX for your events!\",\"potentialAction\":[{\"@type\":\"SearchAction\",\"target\":{\"@type\":\"EntryPoint\",\"urlTemplate\":\"https:\/\/www.papaya.events\/?s={search_term_string}\"},\"query-input\":{\"@type\":\"PropertyValueSpecification\",\"valueRequired\":true,\"valueName\":\"search_term_string\"}}],\"inLanguage\":\"hr\"},{\"@type\":[\"Organization\",\"Place\",\"LocalBusiness\"],\"@id\":\"https:\/\/www.papaya.events\/#organization\",\"name\":\"papaya.events\",\"alternateName\":\"Unrivaled sounds, unforgettable light and FX for your events!\",\"url\":\"https:\/\/www.papaya.events\/\",\"logo\":{\"@id\":\"https:\/\/www.papaya.events\/tickets-order\/#local-main-organization-logo\"},\"image\":{\"@id\":\"https:\/\/www.papaya.events\/tickets-order\/#local-main-organization-logo\"},\"sameAs\":[\"https:\/\/www.facebook.com\/papaya.events.ls\",\"https:\/\/soundcloud.com\/papaya_events\",\"https:\/\/www.beatport.com\/artist\/drama\/170702\",\"https:\/\/www.youtube.com\/@papaya.events\",\"https:\/\/open.spotify.com\/user\/31m3wahhbsmph36a35fmzv45y344\",\"https:\/\/www.instagram.com\/papaya.events.ls\"],\"description\":\"Papaya Events is an event organization based in Umag, Croatia, run by three artists, specializing in open-air and club events that bring together music lovers through electronic sounds and an engaging atmosphere. The organization provides a complete experience, including its own production, sound, lighting, scene effects, and all essential elements for creating unforgettable moments. Their events range from intimate, small private parties to larger open-air gatherings, offering a diverse range of electronic music to suit every taste and setting. The focus is on crafting unforgettable experiences that leave lasting memories for all music enthusiasts and partygoers.\",\"legalName\":\"V.I.S.T.A. Ltd.\",\"foundingDate\":\"2006-04-07\",\"numberOfEmployees\":{\"@type\":\"QuantitativeValue\",\"minValue\":\"1\",\"maxValue\":\"10\"},\"publishingPrinciples\":\"https:\/\/www.papaya.events\/our-services\/\",\"ownershipFundingInfo\":\"https:\/\/www.papaya.events\/our-services\/\",\"address\":{\"@id\":\"https:\/\/www.papaya.events\/tickets-order\/#local-main-place-address\"},\"geo\":{\"@type\":\"GeoCoordinates\",\"latitude\":\"45.430166630509255\",\"longitude\":\"13.529640133684602\"},\"telephone\":[\"+385915127282\"],\"contactPoint\":{\"@type\":\"ContactPoint\",\"telephone\":\"+385915127282\",\"email\":\"info@papaya.events\"},\"openingHoursSpecification\":{\"@type\":\"OpeningHoursSpecification\",\"dayOfWeek\":[\"Monday\",\"Tuesday\",\"Wednesday\",\"Thursday\",\"Friday\",\"Saturday\",\"Sunday\"],\"opens\":\"00:00\",\"closes\":\"23:59\"},\"email\":\"info@papaya.events\",\"vatID\":\"HR93447560687\",\"priceRange\":\"$$$\"},{\"@type\":\"PostalAddress\",\"@id\":\"https:\/\/www.papaya.events\/tickets-order\/#local-main-place-address\",\"streetAddress\":\"Vladimir Nazor 5\",\"addressLocality\":\"Umag\",\"postalCode\":\"52470\",\"addressRegion\":\"Croatia\",\"addressCountry\":\"HR\"},{\"@type\":\"ImageObject\",\"inLanguage\":\"hr\",\"@id\":\"https:\/\/www.papaya.events\/tickets-order\/#local-main-organization-logo\",\"url\":\"https:\/\/cdn.papaya.events\/wp-content\/uploads\/2025\/02\/favicon-copy.png?strip=all&quality=70&webp=65&sharp=1\",\"contentUrl\":\"https:\/\/cdn.papaya.events\/wp-content\/uploads\/2025\/02\/favicon-copy.png?strip=all&quality=70&webp=65&sharp=1\",\"width\":1024,\"height\":1024,\"caption\":\"papaya.events\"}]}<\/script>\n<meta name=\"geo.placename\" content=\"Umag\" \/>\n<meta name=\"geo.position\" content=\"45.430166630509255;13.529640133684602\" \/>\n<meta name=\"geo.region\" content=\"Croatia\" \/>\n<!-- \/ Yoast SEO Premium plugin. -->","yoast_head_json":{"title":"Narud\u017eba dovr\u0161ena | papaya.events","robots":{"index":"index","follow":"follow","max-snippet":"max-snippet:-1","max-image-preview":"max-image-preview:large","max-video-preview":"max-video-preview:-1"},"canonical":"https:\/\/www.papaya.events\/hr\/narudzba-ulaznica\/","og_locale":"hr_HR","og_type":"article","og_title":"Order Completed","og_url":"https:\/\/www.papaya.events\/hr\/narudzba-ulaznica\/","og_site_name":"papaya.events","article_publisher":"https:\/\/www.facebook.com\/papaya.events.ls","og_image":[{"width":2560,"height":1695,"url":"https:\/\/cdn.papaya.events\/wp-content\/uploads\/2025\/02\/176-1-scaled.jpg?strip=all&quality=70&webp=65&sharp=1","type":"image\/jpeg"}],"twitter_card":"summary_large_image","schema":{"@context":"https:\/\/schema.org","@graph":[{"@type":"WebPage","@id":"https:\/\/www.papaya.events\/tickets-order\/","url":"https:\/\/www.papaya.events\/tickets-order\/","name":"Narud\u017eba dovr\u0161ena | papaya.events","isPartOf":{"@id":"https:\/\/www.papaya.events\/#website"},"datePublished":"2025-05-12T22:15:51+00:00","breadcrumb":{"@id":"https:\/\/www.papaya.events\/tickets-order\/#breadcrumb"},"inLanguage":"hr","potentialAction":[{"@type":"ReadAction","target":["https:\/\/www.papaya.events\/tickets-order\/"]}]},{"@type":"BreadcrumbList","@id":"https:\/\/www.papaya.events\/tickets-order\/#breadcrumb","itemListElement":[{"@type":"ListItem","position":1,"name":"Home","item":"https:\/\/www.papaya.events\/"},{"@type":"ListItem","position":2,"name":"Order Completed"}]},{"@type":"WebSite","@id":"https:\/\/www.papaya.events\/#website","url":"https:\/\/www.papaya.events\/","name":"papaya.events","description":"Rezervirajte vrhunski party doga\u0111aj","publisher":{"@id":"https:\/\/www.papaya.events\/#organization"},"alternateName":"Unrivaled sounds, unforgettable light and FX for your events!","potentialAction":[{"@type":"SearchAction","target":{"@type":"EntryPoint","urlTemplate":"https:\/\/www.papaya.events\/?s={search_term_string}"},"query-input":{"@type":"PropertyValueSpecification","valueRequired":true,"valueName":"search_term_string"}}],"inLanguage":"hr"},{"@type":["Organization","Place","LocalBusiness"],"@id":"https:\/\/www.papaya.events\/#organization","name":"papaya.events","alternateName":"Unrivaled sounds, unforgettable light and FX for your events!","url":"https:\/\/www.papaya.events\/","logo":{"@id":"https:\/\/www.papaya.events\/tickets-order\/#local-main-organization-logo"},"image":{"@id":"https:\/\/www.papaya.events\/tickets-order\/#local-main-organization-logo"},"sameAs":["https:\/\/www.facebook.com\/papaya.events.ls","https:\/\/soundcloud.com\/papaya_events","https:\/\/www.beatport.com\/artist\/drama\/170702","https:\/\/www.youtube.com\/@papaya.events","https:\/\/open.spotify.com\/user\/31m3wahhbsmph36a35fmzv45y344","https:\/\/www.instagram.com\/papaya.events.ls"],"description":"Papaya Events je organizacija za doga\u0111aje sa sjedi\u0161tem u Umagu u Hrvatskoj, koju vode tri umjetnika, specijalizirana za doga\u0111aje na otvorenom i u klubovima koji okupljaju ljubitelje glazbe kroz elektroni\u010dke zvukove i zanimljivu atmosferu. Organizacija pru\u017ea cjelovito iskustvo, uklju\u010duju\u0107i vlastitu produkciju, zvuk, rasvjetu, scenske efekte i sve bitne elemente za stvaranje nezaboravnih trenutaka. Njihovi doga\u0111aji kre\u0107u se od intimnih, malih privatnih zabava do ve\u0107ih okupljanja na otvorenom, nude\u0107i raznolik raspon elektroni\u010dke glazbe za sva\u010diji ukus i okru\u017eenje. Fokus je na stvaranju nezaboravnih iskustava koja ostavljaju trajne uspomene za sve ljubitelje glazbe i ljubitelje zabave.","legalName":"V.I.S.T.A. Ltd.","foundingDate":"2006-04-07","numberOfEmployees":{"@type":"QuantitativeValue","minValue":"1","maxValue":"10"},"publishingPrinciples":"https:\/\/www.papaya.events\/our-services\/","ownershipFundingInfo":"https:\/\/www.papaya.events\/our-services\/","address":{"@id":"https:\/\/www.papaya.events\/tickets-order\/#local-main-place-address"},"geo":{"@type":"GeoCoordinates","latitude":"45.430166630509255","longitude":"13.529640133684602"},"telephone":["+385915127282"],"contactPoint":{"@type":"ContactPoint","telephone":"+385915127282","email":"info@papaya.events"},"openingHoursSpecification":{"@type":"OpeningHoursSpecification","dayOfWeek":["Monday","Tuesday","Wednesday","Thursday","Friday","Saturday","Sunday"],"opens":"00:00","closes":"23:59"},"email":"info@papaya.events","vatID":"HR93447560687","priceRange":"$$$"},{"@type":"PostalAddress","@id":"https:\/\/www.papaya.events\/tickets-order\/#local-main-place-address","streetAddress":"Vladimir Nazor 5","addressLocality":"Umag","postalCode":"52470","addressRegion":"Croatia","addressCountry":"HR"},{"@type":"ImageObject","inLanguage":"hr","@id":"https:\/\/www.papaya.events\/tickets-order\/#local-main-organization-logo","url":"https:\/\/cdn.papaya.events\/wp-content\/uploads\/2025\/02\/favicon-copy.png?strip=all&quality=70&webp=65&sharp=1","contentUrl":"https:\/\/cdn.papaya.events\/wp-content\/uploads\/2025\/02\/favicon-copy.png?strip=all&quality=70&webp=65&sharp=1","width":1024,"height":1024,"caption":"papaya.events"}]},"geo.placename":"Umag","geo.position":{"lat":"45.430166630509255","long":"13.529640133684602"},"geo.region":"Croatia"},"ticketed":false,"_links":{"self":[{"href":"https:\/\/www.papaya.events\/hr\/wp-json\/wp\/v2\/pages\/2467","targetHints":{"allow":["GET"]}}],"collection":[{"href":"https:\/\/www.papaya.events\/hr\/wp-json\/wp\/v2\/pages"}],"about":[{"href":"https:\/\/www.papaya.events\/hr\/wp-json\/wp\/v2\/types\/page"}],"author":[{"embeddable":true,"href":"https:\/\/www.papaya.events\/hr\/wp-json\/wp\/v2\/users\/1"}],"replies":[{"embeddable":true,"href":"https:\/\/www.papaya.events\/hr\/wp-json\/wp\/v2\/comments?post=2467"}],"version-history":[{"count":0,"href":"https:\/\/www.papaya.events\/hr\/wp-json\/wp\/v2\/pages\/2467\/revisions"}],"wp:attachment":[{"href":"https:\/\/www.papaya.events\/hr\/wp-json\/wp\/v2\/media?parent=2467"}],"curies":[{"name":"radni list","href":"https:\/\/api.w.org\/{rel}","templated":true}]}}