{"id":2165,"date":"2025-04-14T00:52:09","date_gmt":"2025-04-13T23:52:09","guid":{"rendered":"https:\/\/www.papaya.events\/?page_id=2165"},"modified":"2025-10-01T00:23:44","modified_gmt":"2025-09-30T23:23:44","slug":"papaya-radio-network","status":"publish","type":"page","link":"https:\/\/www.papaya.events\/hr\/papaya-radio-network\/","title":{"rendered":"Papaya Radio Network"},"content":{"rendered":"<div class=\"wpb-content-wrapper\"><div class=\"vc_row wpb_row vc_row-fluid\"><div class=\"wpb_column vc_column_container vc_col-sm-12 sc_layouts_column_icons_position_left\"><div class=\"vc_column-inner\"><div class=\"wpb_wrapper\"><div  class=\"vc_wp_text wpb_content_element\"><div class=\"widget widget_text\">\t\t\t<div class=\"textwidget\"><\/p>\n<h1><span style=\"color: #59ad3d;\">PAPAYA RADIO NETWORK<\/span><\/h1>\n<p>\n<\/div>\n\t\t<\/div><\/div><div class=\"vc_btn3-container vc_btn3-left vc_do_btn\" ><a class=\"vc_general vc_btn3 vc_btn3-size-sm vc_btn3-shape-square vc_btn3-style-modern vc_btn3-o-empty vc_btn3-icon-left vc_btn3-color-inverse\" href=\"https:\/\/www.papaya.events\/hr\/stream.html\/\" title=\"OTVORI U NOVOM PROZORU\" target=\"_blank\"><i class=\"vc_btn3-icon fas fa-external-link-alt\"><\/i> <span class=\"vc_btn3-placeholder\">&nbsp;<\/span><\/a><\/div><\/div><\/div><\/div><\/div><div class=\"vc_row wpb_row vc_row-fluid\"><div class=\"wpb_column vc_column_container vc_col-sm-6 sc_layouts_column_icons_position_left\"><div class=\"vc_column-inner\"><div class=\"wpb_wrapper\">\n\t<div class=\"wpb_raw_code wpb_raw_html wpb_content_element\" >\n\t\t<div class=\"wpb_wrapper\">\n\t\t\t<script src=\"https:\/\/embed.radio.co\/player\/ae92153.js\"><\/script>\n\n\t\t<\/div>\n\t<\/div>\n<\/div><\/div><\/div><div class=\"wpb_column vc_column_container vc_col-sm-6 sc_layouts_column_icons_position_left\"><div class=\"vc_column-inner\"><div class=\"wpb_wrapper\">\n\t<div class=\"wpb_raw_code wpb_raw_html wpb_content_element\" >\n\t\t<div class=\"wpb_wrapper\">\n\t\t\t<div class=\"custom-radio-wrapper\">\r\n  <iframe loading=\"lazy\" \r\n    src=\"https:\/\/embed.radio.co\/embeds\/schedule\/ese5eb57a.html\" \r\n    width=\"100%\" \r\n    height=\"700\" \r\n    allow=\"autoplay\" \r\n    scrolling=\"yes\" \r\n    style=\"border: none; overflow: hidden;\" \r\n    class=\"radio-iframe\">\r\n  <\/iframe>\r\n<\/div>\n\t\t<\/div>\n\t<\/div>\n<\/div><\/div><\/div><\/div><div class=\"vc_row wpb_row vc_row-fluid\"><div class=\"wpb_column vc_column_container vc_col-sm-12 sc_layouts_column_icons_position_left\"><div class=\"vc_column-inner\"><div class=\"wpb_wrapper\"><div class=\"vc_empty_space  height_large\"   style=\"height: 100px\"><span class=\"vc_empty_space_inner\"><\/span><\/div><div  class=\"vc_wp_text wpb_content_element\"><div class=\"widget widget_text\">\t\t\t<div class=\"textwidget\"><\/p>\n<p style=\"text-align: center;\">\n<p>\n<\/div>\n\t\t<\/div><\/div><div class=\"vc_empty_space  height_medium\"   style=\"height: 32px\"><span class=\"vc_empty_space_inner\"><\/span><\/div><\/div><\/div><\/div><\/div><div class=\"vc_row wpb_row vc_row-fluid\"><div class=\"wpb_column vc_column_container vc_col-sm-12 sc_layouts_column_icons_position_left\"><div class=\"vc_column-inner\"><div class=\"wpb_wrapper\"><\/div><\/div><\/div><\/div><div class=\"vc_row wpb_row vc_row-fluid\"><div class=\"wpb_column vc_column_container vc_col-sm-12 sc_layouts_column_icons_position_left\"><div class=\"vc_column-inner\"><div class=\"wpb_wrapper\"><\/div><\/div><\/div><\/div>\n<\/div>","protected":false},"excerpt":{"rendered":"PAPAYA RADIO NETWORK &nbsp;","protected":false},"author":1,"featured_media":2244,"parent":0,"menu_order":0,"comment_status":"closed","ping_status":"closed","template":"","meta":{"_price":"","_stock":"","_tribe_ticket_header":"","_tribe_default_ticket_provider":"TEC\\Tickets\\Commerce\\Module","_tribe_ticket_capacity":"0","_ticket_start_date":"","_ticket_end_date":"","_tribe_ticket_show_description":"","_tribe_ticket_show_not_going":false,"_tribe_ticket_use_global_stock":"","_tribe_ticket_global_stock_level":"","_global_stock_mode":"","_global_stock_cap":"","_tribe_rsvp_for_event":"","_tribe_ticket_going_count":"","_tribe_ticket_not_going_count":"","_tribe_tickets_list":"[]","_tribe_ticket_has_attendee_info_fields":false,"footnotes":"","_tec_slr_enabled":"","_tec_slr_layout":""},"class_list":["post-2165","page","type-page","status-publish","has-post-thumbnail","hentry"],"a3_pvc":{"activated":false,"total_views":0,"today_views":0},"yoast_head":"<!-- This site is optimized with the Yoast SEO Premium plugin v24.6 (Yoast SEO v27.6) - https:\/\/yoast.com\/product\/yoast-seo-premium-wordpress\/ -->\n<title>Papaya Radio Network | 100% House Music &amp; HQ Streaming<\/title>\n<meta name=\"description\" content=\"Papaya Radio Network | Tune in to Papaya Radio Network and enjoy the best in house, club, and open-air vibes from the heart of Umag, Croatia.\" \/>\n<meta name=\"robots\" content=\"index, follow, max-snippet:-1, max-image-preview:large, max-video-preview:-1\" \/>\n<link rel=\"canonical\" href=\"https:\/\/www.papaya.events\/hr\/papaya-radio-network\/\" \/>\n<meta property=\"og:locale\" content=\"hr_HR\" \/>\n<meta property=\"og:type\" content=\"article\" \/>\n<meta property=\"og:title\" content=\"Papaya Radio Network\" \/>\n<meta property=\"og:description\" content=\"Papaya Radio Network | Tune in to Papaya Radio Network and enjoy the best in house, club, and open-air vibes from the heart of Umag, Croatia.\" \/>\n<meta property=\"og:url\" content=\"https:\/\/www.papaya.events\/hr\/papaya-radio-network\/\" \/>\n<meta property=\"og:site_name\" content=\"papaya.events\" \/>\n<meta property=\"article:publisher\" content=\"https:\/\/www.facebook.com\/papaya.events.ls\" \/>\n<meta property=\"article:modified_time\" content=\"2025-09-30T23:23:44+00:00\" \/>\n<meta property=\"og:image\" content=\"https:\/\/www.papaya.events\/wp-content\/uploads\/2025\/04\/iStock-1665393390.jpg\" \/>\n\t<meta property=\"og:image:width\" content=\"2560\" \/>\n\t<meta property=\"og:image:height\" content=\"1708\" \/>\n\t<meta property=\"og:image:type\" content=\"image\/jpeg\" \/>\n<meta name=\"twitter:card\" content=\"summary_large_image\" \/>\n<meta name=\"twitter:label1\" content=\"Procijenjeno vrijeme \u010ditanja\" \/>\n\t<meta name=\"twitter:data1\" content=\"1 minuta\" \/>\n<script type=\"application\/ld+json\" class=\"yoast-schema-graph\">{\"@context\":\"https:\\\/\\\/schema.org\",\"@graph\":[{\"@type\":\"WebPage\",\"@id\":\"https:\\\/\\\/www.papaya.events\\\/papaya-radio-network\\\/\",\"url\":\"https:\\\/\\\/www.papaya.events\\\/papaya-radio-network\\\/\",\"name\":\"Papaya Radio Network | 100% House Music & HQ Streaming\",\"isPartOf\":{\"@id\":\"https:\\\/\\\/www.papaya.events\\\/#website\"},\"primaryImageOfPage\":{\"@id\":\"https:\\\/\\\/www.papaya.events\\\/papaya-radio-network\\\/#primaryimage\"},\"image\":{\"@id\":\"https:\\\/\\\/www.papaya.events\\\/papaya-radio-network\\\/#primaryimage\"},\"thumbnailUrl\":\"https:\\\/\\\/cdn.papaya.events\\\/wp-content\\\/uploads\\\/2025\\\/04\\\/iStock-1665393390.jpg?strip=all&quality=70&webp=65&sharp=1\",\"datePublished\":\"2025-04-13T23:52:09+00:00\",\"dateModified\":\"2025-09-30T23:23:44+00:00\",\"description\":\"Papaya Radio Network | Tune in to Papaya Radio Network and enjoy the best in house, club, and open-air vibes from the heart of Umag, Croatia.\",\"breadcrumb\":{\"@id\":\"https:\\\/\\\/www.papaya.events\\\/papaya-radio-network\\\/#breadcrumb\"},\"inLanguage\":\"hr\",\"potentialAction\":[{\"@type\":\"ReadAction\",\"target\":[\"https:\\\/\\\/www.papaya.events\\\/papaya-radio-network\\\/\"]}]},{\"@type\":\"ImageObject\",\"inLanguage\":\"hr\",\"@id\":\"https:\\\/\\\/www.papaya.events\\\/papaya-radio-network\\\/#primaryimage\",\"url\":\"https:\\\/\\\/cdn.papaya.events\\\/wp-content\\\/uploads\\\/2025\\\/04\\\/iStock-1665393390.jpg?strip=all&quality=70&webp=65&sharp=1\",\"contentUrl\":\"https:\\\/\\\/cdn.papaya.events\\\/wp-content\\\/uploads\\\/2025\\\/04\\\/iStock-1665393390.jpg?strip=all&quality=70&webp=65&sharp=1\",\"width\":2560,\"height\":1708},{\"@type\":\"BreadcrumbList\",\"@id\":\"https:\\\/\\\/www.papaya.events\\\/papaya-radio-network\\\/#breadcrumb\",\"itemListElement\":[{\"@type\":\"ListItem\",\"position\":1,\"name\":\"Home\",\"item\":\"https:\\\/\\\/www.papaya.events\\\/\"},{\"@type\":\"ListItem\",\"position\":2,\"name\":\"Papaya Radio Network\"}]},{\"@type\":\"WebSite\",\"@id\":\"https:\\\/\\\/www.papaya.events\\\/#website\",\"url\":\"https:\\\/\\\/www.papaya.events\\\/\",\"name\":\"papaya.events\",\"description\":\"Book the ultimate party event\",\"publisher\":{\"@id\":\"https:\\\/\\\/www.papaya.events\\\/#organization\"},\"alternateName\":\"Unrivaled sounds, unforgettable light and FX for your events!\",\"potentialAction\":[{\"@type\":\"SearchAction\",\"target\":{\"@type\":\"EntryPoint\",\"urlTemplate\":\"https:\\\/\\\/www.papaya.events\\\/?s={search_term_string}\"},\"query-input\":{\"@type\":\"PropertyValueSpecification\",\"valueRequired\":true,\"valueName\":\"search_term_string\"}}],\"inLanguage\":\"hr\"},{\"@type\":[\"Organization\",\"Place\",\"LocalBusiness\"],\"@id\":\"https:\\\/\\\/www.papaya.events\\\/#organization\",\"name\":\"papaya.events\",\"alternateName\":\"Unrivaled sounds, unforgettable light and FX for your events!\",\"url\":\"https:\\\/\\\/www.papaya.events\\\/\",\"logo\":{\"@id\":\"https:\\\/\\\/www.papaya.events\\\/papaya-radio-network\\\/#local-main-organization-logo\"},\"image\":{\"@id\":\"https:\\\/\\\/www.papaya.events\\\/papaya-radio-network\\\/#local-main-organization-logo\"},\"sameAs\":[\"https:\\\/\\\/www.facebook.com\\\/papaya.events.ls\",\"https:\\\/\\\/soundcloud.com\\\/papaya_events\",\"https:\\\/\\\/www.beatport.com\\\/artist\\\/drama\\\/170702\",\"https:\\\/\\\/www.youtube.com\\\/@papaya.events\",\"https:\\\/\\\/open.spotify.com\\\/user\\\/31m3wahhbsmph36a35fmzv45y344\",\"https:\\\/\\\/www.instagram.com\\\/papaya.events.ls\"],\"description\":\"Papaya Events is an event organization based in Umag, Croatia, run by three artists, specializing in open-air and club events that bring together music lovers through electronic sounds and an engaging atmosphere. The organization provides a complete experience, including its own production, sound, lighting, scene effects, and all essential elements for creating unforgettable moments. Their events range from intimate, small private parties to larger open-air gatherings, offering a diverse range of electronic music to suit every taste and setting. The focus is on crafting unforgettable experiences that leave lasting memories for all music enthusiasts and partygoers.\",\"legalName\":\"V.I.S.T.A. Ltd.\",\"foundingDate\":\"2006-04-07\",\"numberOfEmployees\":{\"@type\":\"QuantitativeValue\",\"minValue\":\"1\",\"maxValue\":\"10\"},\"publishingPrinciples\":\"https:\\\/\\\/www.papaya.events\\\/our-services\\\/\",\"ownershipFundingInfo\":\"https:\\\/\\\/www.papaya.events\\\/our-services\\\/\",\"address\":{\"@id\":\"https:\\\/\\\/www.papaya.events\\\/papaya-radio-network\\\/#local-main-place-address\"},\"geo\":{\"@type\":\"GeoCoordinates\",\"latitude\":\"45.430166630509255\",\"longitude\":\"13.529640133684602\"},\"telephone\":[\"+385915127282\"],\"contactPoint\":{\"@type\":\"ContactPoint\",\"telephone\":\"+385915127282\",\"email\":\"info@papaya.events\"},\"openingHoursSpecification\":{\"@type\":\"OpeningHoursSpecification\",\"dayOfWeek\":[\"Monday\",\"Tuesday\",\"Wednesday\",\"Thursday\",\"Friday\",\"Saturday\",\"Sunday\"],\"opens\":\"00:00\",\"closes\":\"23:59\"},\"email\":\"info@papaya.events\",\"vatID\":\"HR93447560687\",\"priceRange\":\"$$$\"},{\"@type\":\"PostalAddress\",\"@id\":\"https:\\\/\\\/www.papaya.events\\\/papaya-radio-network\\\/#local-main-place-address\",\"streetAddress\":\"Vladimir Nazor 5\",\"addressLocality\":\"Umag\",\"postalCode\":\"52470\",\"addressRegion\":\"Croatia\",\"addressCountry\":\"HR\"},{\"@type\":\"ImageObject\",\"inLanguage\":\"hr\",\"@id\":\"https:\\\/\\\/www.papaya.events\\\/papaya-radio-network\\\/#local-main-organization-logo\",\"url\":\"https:\\\/\\\/cdn.papaya.events\\\/wp-content\\\/uploads\\\/2025\\\/02\\\/favicon-copy.png?strip=all&quality=70&webp=65&sharp=1\",\"contentUrl\":\"https:\\\/\\\/cdn.papaya.events\\\/wp-content\\\/uploads\\\/2025\\\/02\\\/favicon-copy.png?strip=all&quality=70&webp=65&sharp=1\",\"width\":1024,\"height\":1024,\"caption\":\"papaya.events\"}]}<\/script>\n<meta name=\"geo.placename\" content=\"Umag\" \/>\n<meta name=\"geo.position\" content=\"45.430166630509255;13.529640133684602\" \/>\n<meta name=\"geo.region\" content=\"Croatia\" \/>\n<!-- \/ Yoast SEO Premium plugin. -->","yoast_head_json":{"title":"Papaya Radio Network | 100% House glazba i streaming u visokoj kvaliteti","description":"Papaya Radio Network | Uklju\u010dite se na Papaya Radio Network i u\u017eivajte u najboljoj house, klupskoj i open-air atmosferi iz srca Umaga u Hrvatskoj.","robots":{"index":"index","follow":"follow","max-snippet":"max-snippet:-1","max-image-preview":"max-image-preview:large","max-video-preview":"max-video-preview:-1"},"canonical":"https:\/\/www.papaya.events\/hr\/papaya-radio-network\/","og_locale":"hr_HR","og_type":"article","og_title":"Papaya Radio Network","og_description":"Papaya Radio Network | Tune in to Papaya Radio Network and enjoy the best in house, club, and open-air vibes from the heart of Umag, Croatia.","og_url":"https:\/\/www.papaya.events\/hr\/papaya-radio-network\/","og_site_name":"papaya.events","article_publisher":"https:\/\/www.facebook.com\/papaya.events.ls","article_modified_time":"2025-09-30T23:23:44+00:00","og_image":[{"width":2560,"height":1708,"url":"https:\/\/www.papaya.events\/wp-content\/uploads\/2025\/04\/iStock-1665393390.jpg","type":"image\/jpeg"}],"twitter_card":"summary_large_image","twitter_misc":{"Procijenjeno vrijeme \u010ditanja":"1 minuta"},"schema":{"@context":"https:\/\/schema.org","@graph":[{"@type":"WebPage","@id":"https:\/\/www.papaya.events\/papaya-radio-network\/","url":"https:\/\/www.papaya.events\/papaya-radio-network\/","name":"Papaya Radio Network | 100% House glazba i streaming u visokoj kvaliteti","isPartOf":{"@id":"https:\/\/www.papaya.events\/#website"},"primaryImageOfPage":{"@id":"https:\/\/www.papaya.events\/papaya-radio-network\/#primaryimage"},"image":{"@id":"https:\/\/www.papaya.events\/papaya-radio-network\/#primaryimage"},"thumbnailUrl":"https:\/\/cdn.papaya.events\/wp-content\/uploads\/2025\/04\/iStock-1665393390.jpg?strip=all&quality=70&webp=65&sharp=1","datePublished":"2025-04-13T23:52:09+00:00","dateModified":"2025-09-30T23:23:44+00:00","description":"Papaya Radio Network | Uklju\u010dite se na Papaya Radio Network i u\u017eivajte u najboljoj house, klupskoj i open-air atmosferi iz srca Umaga u Hrvatskoj.","breadcrumb":{"@id":"https:\/\/www.papaya.events\/papaya-radio-network\/#breadcrumb"},"inLanguage":"hr","potentialAction":[{"@type":"ReadAction","target":["https:\/\/www.papaya.events\/papaya-radio-network\/"]}]},{"@type":"ImageObject","inLanguage":"hr","@id":"https:\/\/www.papaya.events\/papaya-radio-network\/#primaryimage","url":"https:\/\/cdn.papaya.events\/wp-content\/uploads\/2025\/04\/iStock-1665393390.jpg?strip=all&quality=70&webp=65&sharp=1","contentUrl":"https:\/\/cdn.papaya.events\/wp-content\/uploads\/2025\/04\/iStock-1665393390.jpg?strip=all&quality=70&webp=65&sharp=1","width":2560,"height":1708},{"@type":"BreadcrumbList","@id":"https:\/\/www.papaya.events\/papaya-radio-network\/#breadcrumb","itemListElement":[{"@type":"ListItem","position":1,"name":"Home","item":"https:\/\/www.papaya.events\/"},{"@type":"ListItem","position":2,"name":"Papaya Radio Network"}]},{"@type":"WebSite","@id":"https:\/\/www.papaya.events\/#website","url":"https:\/\/www.papaya.events\/","name":"papaya.events","description":"Rezervirajte vrhunski party doga\u0111aj","publisher":{"@id":"https:\/\/www.papaya.events\/#organization"},"alternateName":"Unrivaled sounds, unforgettable light and FX for your events!","potentialAction":[{"@type":"SearchAction","target":{"@type":"EntryPoint","urlTemplate":"https:\/\/www.papaya.events\/?s={search_term_string}"},"query-input":{"@type":"PropertyValueSpecification","valueRequired":true,"valueName":"search_term_string"}}],"inLanguage":"hr"},{"@type":["Organization","Place","LocalBusiness"],"@id":"https:\/\/www.papaya.events\/#organization","name":"papaya.events","alternateName":"Unrivaled sounds, unforgettable light and FX for your events!","url":"https:\/\/www.papaya.events\/","logo":{"@id":"https:\/\/www.papaya.events\/papaya-radio-network\/#local-main-organization-logo"},"image":{"@id":"https:\/\/www.papaya.events\/papaya-radio-network\/#local-main-organization-logo"},"sameAs":["https:\/\/www.facebook.com\/papaya.events.ls","https:\/\/soundcloud.com\/papaya_events","https:\/\/www.beatport.com\/artist\/drama\/170702","https:\/\/www.youtube.com\/@papaya.events","https:\/\/open.spotify.com\/user\/31m3wahhbsmph36a35fmzv45y344","https:\/\/www.instagram.com\/papaya.events.ls"],"description":"Papaya Events je organizacija za doga\u0111aje sa sjedi\u0161tem u Umagu u Hrvatskoj, koju vode tri umjetnika, specijalizirana za doga\u0111aje na otvorenom i u klubovima koji okupljaju ljubitelje glazbe kroz elektroni\u010dke zvukove i zanimljivu atmosferu. Organizacija pru\u017ea cjelovito iskustvo, uklju\u010duju\u0107i vlastitu produkciju, zvuk, rasvjetu, scenske efekte i sve bitne elemente za stvaranje nezaboravnih trenutaka. Njihovi doga\u0111aji kre\u0107u se od intimnih, malih privatnih zabava do ve\u0107ih okupljanja na otvorenom, nude\u0107i raznolik raspon elektroni\u010dke glazbe za sva\u010diji ukus i okru\u017eenje. Fokus je na stvaranju nezaboravnih iskustava koja ostavljaju trajne uspomene za sve ljubitelje glazbe i ljubitelje zabave.","legalName":"V.I.S.T.A. Ltd.","foundingDate":"2006-04-07","numberOfEmployees":{"@type":"QuantitativeValue","minValue":"1","maxValue":"10"},"publishingPrinciples":"https:\/\/www.papaya.events\/our-services\/","ownershipFundingInfo":"https:\/\/www.papaya.events\/our-services\/","address":{"@id":"https:\/\/www.papaya.events\/papaya-radio-network\/#local-main-place-address"},"geo":{"@type":"GeoCoordinates","latitude":"45.430166630509255","longitude":"13.529640133684602"},"telephone":["+385915127282"],"contactPoint":{"@type":"ContactPoint","telephone":"+385915127282","email":"info@papaya.events"},"openingHoursSpecification":{"@type":"OpeningHoursSpecification","dayOfWeek":["Monday","Tuesday","Wednesday","Thursday","Friday","Saturday","Sunday"],"opens":"00:00","closes":"23:59"},"email":"info@papaya.events","vatID":"HR93447560687","priceRange":"$$$"},{"@type":"PostalAddress","@id":"https:\/\/www.papaya.events\/papaya-radio-network\/#local-main-place-address","streetAddress":"Vladimir Nazor 5","addressLocality":"Umag","postalCode":"52470","addressRegion":"Croatia","addressCountry":"HR"},{"@type":"ImageObject","inLanguage":"hr","@id":"https:\/\/www.papaya.events\/papaya-radio-network\/#local-main-organization-logo","url":"https:\/\/cdn.papaya.events\/wp-content\/uploads\/2025\/02\/favicon-copy.png?strip=all&quality=70&webp=65&sharp=1","contentUrl":"https:\/\/cdn.papaya.events\/wp-content\/uploads\/2025\/02\/favicon-copy.png?strip=all&quality=70&webp=65&sharp=1","width":1024,"height":1024,"caption":"papaya.events"}]},"geo.placename":"Umag","geo.position":{"lat":"45.430166630509255","long":"13.529640133684602"},"geo.region":"Croatia"},"ticketed":false,"_links":{"self":[{"href":"https:\/\/www.papaya.events\/hr\/wp-json\/wp\/v2\/pages\/2165","targetHints":{"allow":["GET"]}}],"collection":[{"href":"https:\/\/www.papaya.events\/hr\/wp-json\/wp\/v2\/pages"}],"about":[{"href":"https:\/\/www.papaya.events\/hr\/wp-json\/wp\/v2\/types\/page"}],"author":[{"embeddable":true,"href":"https:\/\/www.papaya.events\/hr\/wp-json\/wp\/v2\/users\/1"}],"replies":[{"embeddable":true,"href":"https:\/\/www.papaya.events\/hr\/wp-json\/wp\/v2\/comments?post=2165"}],"version-history":[{"count":74,"href":"https:\/\/www.papaya.events\/hr\/wp-json\/wp\/v2\/pages\/2165\/revisions"}],"predecessor-version":[{"id":2814,"href":"https:\/\/www.papaya.events\/hr\/wp-json\/wp\/v2\/pages\/2165\/revisions\/2814"}],"wp:featuredmedia":[{"embeddable":true,"href":"https:\/\/www.papaya.events\/hr\/wp-json\/wp\/v2\/media\/2244"}],"wp:attachment":[{"href":"https:\/\/www.papaya.events\/hr\/wp-json\/wp\/v2\/media?parent=2165"}],"curies":[{"name":"radni list","href":"https:\/\/api.w.org\/{rel}","templated":true}]}}