{"id":1645,"date":"2025-03-01T03:28:21","date_gmt":"2025-03-01T02:28:21","guid":{"rendered":"https:\/\/www.papaya.events\/?page_id=1645"},"modified":"2025-03-01T14:51:32","modified_gmt":"2025-03-01T13:51:32","slug":"pravila-o-privatnosti","status":"publish","type":"page","link":"https:\/\/www.papaya.events\/hr\/privacy-policy\/","title":{"rendered":"Pravila o privatnosti"},"content":{"rendered":"<h4 class=\"wp-block-heading\">Tko smo mi<\/h4>\r\n\r\n\r\n\r\n<p>Adresa na\u0161e web stranice je: <a href=\"https:\/\/www.papaya.events\/hr\/\">www.papaya.events.<\/a><\/p>\r\n\r\n\r\n\r\n<h4 class=\"wp-block-heading\">Komentari<\/h4>\r\n\r\n\r\n\r\n<p style=\"text-align: justify;\">Kada posjetitelji ostavljaju komentare na stranici, prikupljamo podatke prikazane u obrascu za komentare, kao i IP adresu posjetitelja i niz korisni\u010dkog agenta preglednika kako bismo pomogli u otkrivanju ne\u017eeljene po\u0161te.<\/p>\r\n\r\n\r\n\r\n<p style=\"text-align: justify;\">Anonimizirani niz generiran iz va\u0161e adrese e-po\u0161te (tako\u0111er nazvan hash) mo\u017ee se dostaviti usluzi Gravatar kako bi se vidjelo koristite li je. Pravila privatnosti usluge Gravatar dostupna su ovdje: <a href=\"https:\/\/automattic.com\/privacy\/\">automattic.com\/privacy<\/a>. Nakon odobrenja va\u0161eg komentara, va\u0161a profilna slika vidljiva je javnosti u kontekstu va\u0161eg komentara.<\/p>\r\n\r\n\r\n\r\n<h4 class=\"wp-block-heading\">Mediji<\/h4>\r\n\r\n\r\n\r\n<p style=\"text-align: justify;\">Ako prenosite slike na web-stranicu, trebali biste izbjegavati prenos slika s ugra\u0111enim podacima o lokaciji (EXIF GPS). Posjetitelji web-stranice mogu preuzeti i izdvojiti bilo koje podatke o lokaciji sa slika na web-stranici.<\/p>\r\n\r\n\r\n\r\n<h4 class=\"wp-block-heading\">Kola\u010di\u0107i<\/h4>\r\n\r\n\r\n\r\n<p style=\"text-align: justify;\">Ako ostavite komentar na na\u0161oj stranici, mo\u017eete se prijaviti za spremanje va\u0161eg imena, adrese e-po\u0161te i web-stranice u kola\u010di\u0107e. To je za va\u0161u udobnost kako ne biste morali ponovno unositi svoje podatke kada ostavite sljede\u0107i komentar. Ovi kola\u010di\u0107i traju godinu dana.<\/p>\r\n\r\n\r\n\r\n<p style=\"text-align: justify;\">Ako posjetite na\u0161u stranicu za prijavu, postavit \u0107emo privremeni kola\u010di\u0107 kako bismo utvrdili prihva\u0107a li va\u0161 preglednik kola\u010di\u0107e. Ovaj kola\u010di\u0107 ne sadr\u017ei osobne podatke i odbacuje se kada zatvorite preglednik.<\/p>\r\n\r\n\r\n\r\n<p style=\"text-align: justify;\">Kada se prijavite, postavit \u0107emo i nekoliko kola\u010di\u0107a za spremanje va\u0161ih podataka za prijavu i va\u0161ih odabira prikaza zaslona. Kola\u010di\u0107i za prijavu traju dva dana, a kola\u010di\u0107i za opcije zaslona traju godinu dana. Ako odaberete &quot;Zapamti me&quot;, va\u0161a \u0107e prijava trajati dva tjedna. Ako se odjavite s ra\u010duna, kola\u010di\u0107i za prijavu bit \u0107e uklonjeni.<\/p>\r\n\r\n\r\n\r\n<p style=\"text-align: justify;\">Ako uredite ili objavite \u010dlanak, u va\u0161em \u0107e se pregledniku spremiti dodatni kola\u010di\u0107. Ovaj kola\u010di\u0107 ne sadr\u017ei osobne podatke i jednostavno ozna\u010dava ID objave \u010dlanka koji ste upravo uredili. Istje\u010de nakon 1 dana.<\/p>\r\n\r\n\r\n\r\n<h4 class=\"wp-block-heading\">Ugra\u0111eni sadr\u017eaj s drugih web stranica<\/h4>\r\n\r\n\r\n\r\n<p style=\"text-align: justify;\">\u010clanci na ovoj stranici mogu uklju\u010divati ugra\u0111eni sadr\u017eaj (npr. videozapise, slike, \u010dlanke itd.). Ugra\u0111eni sadr\u017eaj s drugih web stranica pona\u0161a se na potpuno isti na\u010din kao da je posjetitelj posjetio drugu web stranicu.<\/p>\r\n\r\n\r\n\r\n<p style=\"text-align: justify;\">Ove web stranice mogu prikupljati podatke o vama, koristiti kola\u010di\u0107e, ugraditi dodatno pra\u0107enje tre\u0107ih strana i pratiti va\u0161u interakciju s tim ugra\u0111enim sadr\u017eajem, uklju\u010duju\u0107i pra\u0107enje va\u0161e interakcije s ugra\u0111enim sadr\u017eajem ako imate ra\u010dun i prijavljeni ste na tu web stranicu.<\/p>\r\n\r\n\r\n\r\n<h4 class=\"wp-block-heading\">S kim dijelimo va\u0161e podatke<\/h4>\r\n\r\n\r\n\r\n<p style=\"text-align: justify;\">Ako zatra\u017eite resetiranje lozinke, va\u0161a IP adresa bit \u0107e navedena u e-poruci za resetiranje.<\/p>\r\n\r\n\r\n\r\n<h4 class=\"wp-block-heading\">Koliko dugo \u010duvamo va\u0161e podatke<\/h4>\r\n\r\n\r\n\r\n<p style=\"text-align: justify;\">Ako ostavite komentar, komentar i njegovi metapodaci \u010duvaju se neograni\u010deno. To je kako bismo mogli automatski prepoznati i odobriti sve naknadne komentare umjesto da ih dr\u017eimo u redu za moderiranje.<\/p>\r\n\r\n\r\n\r\n<p style=\"text-align: justify;\">Za korisnike koji se registriraju na na\u0161oj web stranici (ako ih ima), osobne podatke koje navedu pohranjujemo i u njihovom korisni\u010dkom profilu. Svi korisnici mogu vidjeti, urediti ili izbrisati svoje osobne podatke u bilo kojem trenutku (osim \u0161to ne mogu promijeniti svoje korisni\u010dko ime). Administratori web stranice tako\u0111er mogu vidjeti i urediti te podatke.<\/p>\r\n\r\n\r\n\r\n<h4 class=\"wp-block-heading\">Koja prava imate nad svojim podacima<\/h4>\r\n\r\n\r\n\r\n<p style=\"text-align: justify;\">Ako imate ra\u010dun na ovoj stranici ili ste ostavili komentare, mo\u017eete zatra\u017eiti da primite izvezenu datoteku s osobnim podacima koje imamo o vama, uklju\u010duju\u0107i sve podatke koje ste nam dostavili. Tako\u0111er mo\u017eete zatra\u017eiti da izbri\u0161emo sve osobne podatke koje imamo o vama. To ne uklju\u010duje podatke koje smo du\u017eni \u010duvati u administrativne, pravne ili sigurnosne svrhe.<\/p>\r\n\r\n\r\n\r\n<h4 class=\"wp-block-heading\">Kamo se \u0161alju va\u0161i podaci<\/h4>\r\n\r\n\r\n\r\n<p style=\"text-align: justify;\">Komentari posjetitelja mogu se provjeriti putem automatizirane usluge za otkrivanje ne\u017eeljene po\u0161te.<\/p>\r\n\r\n<p>&nbsp;<\/p>","protected":false},"excerpt":{"rendered":"<p>Tko smo mi Adresa na\u0161e web stranice je: www.papaya.events. Komentari Kada posjetitelji ostavljaju komentare na stranici, prikupljamo podatke prikazane u obrascu za komentare, kao i IP adresu posjetitelja i niz korisni\u010dkog agenta preglednika kako bismo pomogli u otkrivanju ne\u017eeljene po\u0161te. Anonimizirani niz stvoren iz va\u0161e adrese e-po\u0161te (tako\u0111er se naziva hash) mo\u017ee se dati Gravatar usluzi kako bi\u2026<\/p>","protected":false},"author":1,"featured_media":0,"parent":0,"menu_order":0,"comment_status":"closed","ping_status":"closed","template":"","meta":{"_price":"","_stock":"","_tribe_ticket_header":"","_tribe_default_ticket_provider":"","_tribe_ticket_capacity":"0","_ticket_start_date":"","_ticket_end_date":"","_tribe_ticket_show_description":"","_tribe_ticket_show_not_going":false,"_tribe_ticket_use_global_stock":"","_tribe_ticket_global_stock_level":"","_global_stock_mode":"","_global_stock_cap":"","_tribe_rsvp_for_event":"","_tribe_ticket_going_count":"","_tribe_ticket_not_going_count":"","_tribe_tickets_list":"[]","_tribe_ticket_has_attendee_info_fields":false,"footnotes":"","_tec_slr_enabled":"","_tec_slr_layout":""},"class_list":["post-1645","page","type-page","status-publish","hentry"],"a3_pvc":{"activated":false,"total_views":0,"today_views":0},"yoast_head":"<!-- This site is optimized with the Yoast SEO Premium plugin v24.6 (Yoast SEO v27.6) - https:\/\/yoast.com\/product\/yoast-seo-premium-wordpress\/ -->\n<title>Privacy Policy | papaya.events<\/title>\n<meta name=\"robots\" content=\"index, follow, max-snippet:-1, max-image-preview:large, max-video-preview:-1\" \/>\n<link rel=\"canonical\" href=\"https:\/\/www.papaya.events\/hr\/pravila-o-privatnosti\/\" \/>\n<meta property=\"og:locale\" content=\"hr_HR\" \/>\n<meta property=\"og:type\" content=\"article\" \/>\n<meta property=\"og:title\" content=\"Privacy Policy\" \/>\n<meta property=\"og:description\" content=\"Who we are Our website address is: www.papaya.events. Comments When visitors leave comments on the site we collect the data shown in the comments form, and also the visitor\u2019s IP address and browser user agent string to help spam detection. An anonymized string created from your email address (also called a hash) may be provided to the Gravatar service to&hellip;\" \/>\n<meta property=\"og:url\" content=\"https:\/\/www.papaya.events\/hr\/pravila-o-privatnosti\/\" \/>\n<meta property=\"og:site_name\" content=\"papaya.events\" \/>\n<meta property=\"article:publisher\" content=\"https:\/\/www.facebook.com\/papaya.events.ls\" \/>\n<meta property=\"article:modified_time\" content=\"2025-03-01T13:51:32+00:00\" \/>\n<meta property=\"og:image\" content=\"https:\/\/cdn.papaya.events\/wp-content\/uploads\/2025\/02\/176-1-scaled.jpg?strip=all&quality=70&webp=65&sharp=1\" \/>\n\t<meta property=\"og:image:width\" content=\"2560\" \/>\n\t<meta property=\"og:image:height\" content=\"1695\" \/>\n\t<meta property=\"og:image:type\" content=\"image\/jpeg\" \/>\n<meta name=\"twitter:card\" content=\"summary_large_image\" \/>\n<meta name=\"twitter:label1\" content=\"Procijenjeno vrijeme \u010ditanja\" \/>\n\t<meta name=\"twitter:data1\" content=\"3 minute\" \/>\n<script type=\"application\/ld+json\" class=\"yoast-schema-graph\">{\"@context\":\"https:\\\/\\\/schema.org\",\"@graph\":[{\"@type\":\"WebPage\",\"@id\":\"https:\\\/\\\/www.papaya.events\\\/privacy-policy\\\/\",\"url\":\"https:\\\/\\\/www.papaya.events\\\/privacy-policy\\\/\",\"name\":\"Privacy Policy | papaya.events\",\"isPartOf\":{\"@id\":\"https:\\\/\\\/www.papaya.events\\\/#website\"},\"datePublished\":\"2025-03-01T02:28:21+00:00\",\"dateModified\":\"2025-03-01T13:51:32+00:00\",\"breadcrumb\":{\"@id\":\"https:\\\/\\\/www.papaya.events\\\/privacy-policy\\\/#breadcrumb\"},\"inLanguage\":\"hr\",\"potentialAction\":[{\"@type\":\"ReadAction\",\"target\":[\"https:\\\/\\\/www.papaya.events\\\/privacy-policy\\\/\"]}]},{\"@type\":\"BreadcrumbList\",\"@id\":\"https:\\\/\\\/www.papaya.events\\\/privacy-policy\\\/#breadcrumb\",\"itemListElement\":[{\"@type\":\"ListItem\",\"position\":1,\"name\":\"Home\",\"item\":\"https:\\\/\\\/www.papaya.events\\\/\"},{\"@type\":\"ListItem\",\"position\":2,\"name\":\"Privacy Policy\"}]},{\"@type\":\"WebSite\",\"@id\":\"https:\\\/\\\/www.papaya.events\\\/#website\",\"url\":\"https:\\\/\\\/www.papaya.events\\\/\",\"name\":\"papaya.events\",\"description\":\"Book the ultimate party event\",\"publisher\":{\"@id\":\"https:\\\/\\\/www.papaya.events\\\/#organization\"},\"alternateName\":\"Unrivaled sounds, unforgettable light and FX for your events!\",\"potentialAction\":[{\"@type\":\"SearchAction\",\"target\":{\"@type\":\"EntryPoint\",\"urlTemplate\":\"https:\\\/\\\/www.papaya.events\\\/?s={search_term_string}\"},\"query-input\":{\"@type\":\"PropertyValueSpecification\",\"valueRequired\":true,\"valueName\":\"search_term_string\"}}],\"inLanguage\":\"hr\"},{\"@type\":[\"Organization\",\"Place\",\"LocalBusiness\"],\"@id\":\"https:\\\/\\\/www.papaya.events\\\/#organization\",\"name\":\"papaya.events\",\"alternateName\":\"Unrivaled sounds, unforgettable light and FX for your events!\",\"url\":\"https:\\\/\\\/www.papaya.events\\\/\",\"logo\":{\"@id\":\"https:\\\/\\\/www.papaya.events\\\/privacy-policy\\\/#local-main-organization-logo\"},\"image\":{\"@id\":\"https:\\\/\\\/www.papaya.events\\\/privacy-policy\\\/#local-main-organization-logo\"},\"sameAs\":[\"https:\\\/\\\/www.facebook.com\\\/papaya.events.ls\",\"https:\\\/\\\/soundcloud.com\\\/papaya_events\",\"https:\\\/\\\/www.beatport.com\\\/artist\\\/drama\\\/170702\",\"https:\\\/\\\/www.youtube.com\\\/@papaya.events\",\"https:\\\/\\\/open.spotify.com\\\/user\\\/31m3wahhbsmph36a35fmzv45y344\",\"https:\\\/\\\/www.instagram.com\\\/papaya.events.ls\"],\"description\":\"Papaya Events is an event organization based in Umag, Croatia, run by three artists, specializing in open-air and club events that bring together music lovers through electronic sounds and an engaging atmosphere. The organization provides a complete experience, including its own production, sound, lighting, scene effects, and all essential elements for creating unforgettable moments. Their events range from intimate, small private parties to larger open-air gatherings, offering a diverse range of electronic music to suit every taste and setting. The focus is on crafting unforgettable experiences that leave lasting memories for all music enthusiasts and partygoers.\",\"legalName\":\"V.I.S.T.A. Ltd.\",\"foundingDate\":\"2006-04-07\",\"numberOfEmployees\":{\"@type\":\"QuantitativeValue\",\"minValue\":\"1\",\"maxValue\":\"10\"},\"publishingPrinciples\":\"https:\\\/\\\/www.papaya.events\\\/our-services\\\/\",\"ownershipFundingInfo\":\"https:\\\/\\\/www.papaya.events\\\/our-services\\\/\",\"address\":{\"@id\":\"https:\\\/\\\/www.papaya.events\\\/privacy-policy\\\/#local-main-place-address\"},\"geo\":{\"@type\":\"GeoCoordinates\",\"latitude\":\"45.430166630509255\",\"longitude\":\"13.529640133684602\"},\"telephone\":[\"+385915127282\"],\"contactPoint\":{\"@type\":\"ContactPoint\",\"telephone\":\"+385915127282\",\"email\":\"info@papaya.events\"},\"openingHoursSpecification\":{\"@type\":\"OpeningHoursSpecification\",\"dayOfWeek\":[\"Monday\",\"Tuesday\",\"Wednesday\",\"Thursday\",\"Friday\",\"Saturday\",\"Sunday\"],\"opens\":\"00:00\",\"closes\":\"23:59\"},\"email\":\"info@papaya.events\",\"vatID\":\"HR93447560687\",\"priceRange\":\"$$$\"},{\"@type\":\"PostalAddress\",\"@id\":\"https:\\\/\\\/www.papaya.events\\\/privacy-policy\\\/#local-main-place-address\",\"streetAddress\":\"Vladimir Nazor 5\",\"addressLocality\":\"Umag\",\"postalCode\":\"52470\",\"addressRegion\":\"Croatia\",\"addressCountry\":\"HR\"},{\"@type\":\"ImageObject\",\"inLanguage\":\"hr\",\"@id\":\"https:\\\/\\\/www.papaya.events\\\/privacy-policy\\\/#local-main-organization-logo\",\"url\":\"https:\\\/\\\/cdn.papaya.events\\\/wp-content\\\/uploads\\\/2025\\\/02\\\/favicon-copy.png?strip=all&quality=70&webp=65&sharp=1\",\"contentUrl\":\"https:\\\/\\\/cdn.papaya.events\\\/wp-content\\\/uploads\\\/2025\\\/02\\\/favicon-copy.png?strip=all&quality=70&webp=65&sharp=1\",\"width\":1024,\"height\":1024,\"caption\":\"papaya.events\"}]}<\/script>\n<meta name=\"geo.placename\" content=\"Umag\" \/>\n<meta name=\"geo.position\" content=\"45.430166630509255;13.529640133684602\" \/>\n<meta name=\"geo.region\" content=\"Croatia\" \/>\n<!-- \/ Yoast SEO Premium plugin. -->","yoast_head_json":{"title":"Pravila privatnosti | papaya.events","robots":{"index":"index","follow":"follow","max-snippet":"max-snippet:-1","max-image-preview":"max-image-preview:large","max-video-preview":"max-video-preview:-1"},"canonical":"https:\/\/www.papaya.events\/hr\/pravila-o-privatnosti\/","og_locale":"hr_HR","og_type":"article","og_title":"Privacy Policy","og_description":"Who we are Our website address is: www.papaya.events. Comments When visitors leave comments on the site we collect the data shown in the comments form, and also the visitor\u2019s IP address and browser user agent string to help spam detection. An anonymized string created from your email address (also called a hash) may be provided to the Gravatar service to&hellip;","og_url":"https:\/\/www.papaya.events\/hr\/pravila-o-privatnosti\/","og_site_name":"papaya.events","article_publisher":"https:\/\/www.facebook.com\/papaya.events.ls","article_modified_time":"2025-03-01T13:51:32+00:00","og_image":[{"width":2560,"height":1695,"url":"https:\/\/cdn.papaya.events\/wp-content\/uploads\/2025\/02\/176-1-scaled.jpg?strip=all&quality=70&webp=65&sharp=1","type":"image\/jpeg"}],"twitter_card":"summary_large_image","twitter_misc":{"Procijenjeno vrijeme \u010ditanja":"3 minute"},"schema":{"@context":"https:\/\/schema.org","@graph":[{"@type":"WebPage","@id":"https:\/\/www.papaya.events\/privacy-policy\/","url":"https:\/\/www.papaya.events\/privacy-policy\/","name":"Pravila privatnosti | papaya.events","isPartOf":{"@id":"https:\/\/www.papaya.events\/#website"},"datePublished":"2025-03-01T02:28:21+00:00","dateModified":"2025-03-01T13:51:32+00:00","breadcrumb":{"@id":"https:\/\/www.papaya.events\/privacy-policy\/#breadcrumb"},"inLanguage":"hr","potentialAction":[{"@type":"ReadAction","target":["https:\/\/www.papaya.events\/privacy-policy\/"]}]},{"@type":"BreadcrumbList","@id":"https:\/\/www.papaya.events\/privacy-policy\/#breadcrumb","itemListElement":[{"@type":"ListItem","position":1,"name":"Home","item":"https:\/\/www.papaya.events\/"},{"@type":"ListItem","position":2,"name":"Privacy Policy"}]},{"@type":"WebSite","@id":"https:\/\/www.papaya.events\/#website","url":"https:\/\/www.papaya.events\/","name":"papaya.events","description":"Rezervirajte vrhunski party doga\u0111aj","publisher":{"@id":"https:\/\/www.papaya.events\/#organization"},"alternateName":"Unrivaled sounds, unforgettable light and FX for your events!","potentialAction":[{"@type":"SearchAction","target":{"@type":"EntryPoint","urlTemplate":"https:\/\/www.papaya.events\/?s={search_term_string}"},"query-input":{"@type":"PropertyValueSpecification","valueRequired":true,"valueName":"search_term_string"}}],"inLanguage":"hr"},{"@type":["Organization","Place","LocalBusiness"],"@id":"https:\/\/www.papaya.events\/#organization","name":"papaya.events","alternateName":"Unrivaled sounds, unforgettable light and FX for your events!","url":"https:\/\/www.papaya.events\/","logo":{"@id":"https:\/\/www.papaya.events\/privacy-policy\/#local-main-organization-logo"},"image":{"@id":"https:\/\/www.papaya.events\/privacy-policy\/#local-main-organization-logo"},"sameAs":["https:\/\/www.facebook.com\/papaya.events.ls","https:\/\/soundcloud.com\/papaya_events","https:\/\/www.beatport.com\/artist\/drama\/170702","https:\/\/www.youtube.com\/@papaya.events","https:\/\/open.spotify.com\/user\/31m3wahhbsmph36a35fmzv45y344","https:\/\/www.instagram.com\/papaya.events.ls"],"description":"Papaya Events je organizacija za doga\u0111aje sa sjedi\u0161tem u Umagu u Hrvatskoj, koju vode tri umjetnika, specijalizirana za doga\u0111aje na otvorenom i u klubovima koji okupljaju ljubitelje glazbe kroz elektroni\u010dke zvukove i zanimljivu atmosferu. Organizacija pru\u017ea cjelovito iskustvo, uklju\u010duju\u0107i vlastitu produkciju, zvuk, rasvjetu, scenske efekte i sve bitne elemente za stvaranje nezaboravnih trenutaka. Njihovi doga\u0111aji kre\u0107u se od intimnih, malih privatnih zabava do ve\u0107ih okupljanja na otvorenom, nude\u0107i raznolik raspon elektroni\u010dke glazbe za sva\u010diji ukus i okru\u017eenje. Fokus je na stvaranju nezaboravnih iskustava koja ostavljaju trajne uspomene za sve ljubitelje glazbe i ljubitelje zabave.","legalName":"V.I.S.T.A. Ltd.","foundingDate":"2006-04-07","numberOfEmployees":{"@type":"QuantitativeValue","minValue":"1","maxValue":"10"},"publishingPrinciples":"https:\/\/www.papaya.events\/our-services\/","ownershipFundingInfo":"https:\/\/www.papaya.events\/our-services\/","address":{"@id":"https:\/\/www.papaya.events\/privacy-policy\/#local-main-place-address"},"geo":{"@type":"GeoCoordinates","latitude":"45.430166630509255","longitude":"13.529640133684602"},"telephone":["+385915127282"],"contactPoint":{"@type":"ContactPoint","telephone":"+385915127282","email":"info@papaya.events"},"openingHoursSpecification":{"@type":"OpeningHoursSpecification","dayOfWeek":["Monday","Tuesday","Wednesday","Thursday","Friday","Saturday","Sunday"],"opens":"00:00","closes":"23:59"},"email":"info@papaya.events","vatID":"HR93447560687","priceRange":"$$$"},{"@type":"PostalAddress","@id":"https:\/\/www.papaya.events\/privacy-policy\/#local-main-place-address","streetAddress":"Vladimir Nazor 5","addressLocality":"Umag","postalCode":"52470","addressRegion":"Croatia","addressCountry":"HR"},{"@type":"ImageObject","inLanguage":"hr","@id":"https:\/\/www.papaya.events\/privacy-policy\/#local-main-organization-logo","url":"https:\/\/cdn.papaya.events\/wp-content\/uploads\/2025\/02\/favicon-copy.png?strip=all&quality=70&webp=65&sharp=1","contentUrl":"https:\/\/cdn.papaya.events\/wp-content\/uploads\/2025\/02\/favicon-copy.png?strip=all&quality=70&webp=65&sharp=1","width":1024,"height":1024,"caption":"papaya.events"}]},"geo.placename":"Umag","geo.position":{"lat":"45.430166630509255","long":"13.529640133684602"},"geo.region":"Croatia"},"ticketed":false,"_links":{"self":[{"href":"https:\/\/www.papaya.events\/hr\/wp-json\/wp\/v2\/pages\/1645","targetHints":{"allow":["GET"]}}],"collection":[{"href":"https:\/\/www.papaya.events\/hr\/wp-json\/wp\/v2\/pages"}],"about":[{"href":"https:\/\/www.papaya.events\/hr\/wp-json\/wp\/v2\/types\/page"}],"author":[{"embeddable":true,"href":"https:\/\/www.papaya.events\/hr\/wp-json\/wp\/v2\/users\/1"}],"replies":[{"embeddable":true,"href":"https:\/\/www.papaya.events\/hr\/wp-json\/wp\/v2\/comments?post=1645"}],"version-history":[{"count":6,"href":"https:\/\/www.papaya.events\/hr\/wp-json\/wp\/v2\/pages\/1645\/revisions"}],"predecessor-version":[{"id":1663,"href":"https:\/\/www.papaya.events\/hr\/wp-json\/wp\/v2\/pages\/1645\/revisions\/1663"}],"wp:attachment":[{"href":"https:\/\/www.papaya.events\/hr\/wp-json\/wp\/v2\/media?parent=1645"}],"curies":[{"name":"radni list","href":"https:\/\/api.w.org\/{rel}","templated":true}]}}